{"id":25,"date":"2025-07-03T06:21:44","date_gmt":"2025-07-03T06:21:44","guid":{"rendered":"https:\/\/purepointprofit.net\/?page_id=25"},"modified":"2025-07-03T08:00:47","modified_gmt":"2025-07-03T08:00:47","slug":"kontaktujte-nas","status":"publish","type":"page","link":"https:\/\/purepointprofit.net\/cs\/contact-us\/","title":{"rendered":"Kontaktujte n\u00e1s"},"content":{"rendered":"<div data-elementor-type=\"wp-page\" data-elementor-id=\"25\" class=\"elementor elementor-25\" data-elementor-post-type=\"page\">\n\t\t\t\t<div class=\"elementor-element elementor-element-bb707c8 e-flex e-con-boxed e-con e-parent\" data-id=\"bb707c8\" data-element_type=\"container\" data-e-type=\"container\" data-settings=\"{&quot;background_background&quot;:&quot;gradient&quot;}\">\n\t\t\t\t\t<div class=\"e-con-inner\">\n\t\t\t\t<div class=\"elementor-element elementor-element-b53f438 elementor-widget elementor-widget-text-editor\" data-id=\"b53f438\" data-element_type=\"widget\" data-e-type=\"widget\" data-widget_type=\"text-editor.default\">\n\t\t\t\t\t\t\t\t\tJsme tu, abychom v\u00e1m pomohli na va\u0161\u00ed obchodn\u00ed cest\u011b. A\u0165 u\u017e m\u00e1te dotazy ohledn\u011b na\u0161ich slu\u017eeb, pot\u0159ebujete technickou pomoc nebo se chcete pod\u011blit o zp\u011btnou vazbu \u2013 r\u00e1di si od v\u00e1s vyslechneme.\n\n\t\t\t\t\t\t\t\t<\/div>\n\t\t\t\t\t<\/div>\n\t\t\t\t<\/div>\n\t\t<div class=\"elementor-element elementor-element-6665f07 e-flex e-con-boxed e-con e-parent\" data-id=\"6665f07\" data-element_type=\"container\" data-e-type=\"container\">\n\t\t\t\t\t<div class=\"e-con-inner\">\n\t\t<div class=\"elementor-element elementor-element-eb52482 e-con-full e-flex e-con e-child\" data-id=\"eb52482\" data-element_type=\"container\" data-e-type=\"container\">\n\t\t\t\t<div class=\"elementor-element elementor-element-cdebe1c elementor-widget elementor-widget-heading\" data-id=\"cdebe1c\" data-element_type=\"widget\" data-e-type=\"widget\" data-widget_type=\"heading.default\">\n\t\t\t\t\t<h2 class=\"elementor-heading-title elementor-size-default\">E-mailov\u00e1 podpora<\/h2>\t\t\t\t<\/div>\n\t\t\t\t<div class=\"elementor-element elementor-element-7b3d817 elementor-widget elementor-widget-text-editor\" data-id=\"7b3d817\" data-element_type=\"widget\" data-e-type=\"widget\" data-widget_type=\"text-editor.default\">\n\t\t\t\t\t\t\t\t\t<p class=\"translation-block\">S ve\u0161ker\u00fdmi dotazy n\u00e1s pros\u00edm kontaktujte na adrese:<br><strong><a href=\"mailto:support@purepointprofit.net\" target=\"_self\">support@purepointprofit.net<\/a><\/strong><br>Sna\u017e\u00edme se odpov\u011bd\u011bt do 24\u201348 pracovn\u00edch hodin.<\/p>\t\t\t\t\t\t\t\t<\/div>\n\t\t\t\t<div class=\"elementor-element elementor-element-433c083 elementor-widget elementor-widget-heading\" data-id=\"433c083\" data-element_type=\"widget\" data-e-type=\"widget\" data-widget_type=\"heading.default\">\n\t\t\t\t\t<h2 class=\"elementor-heading-title elementor-size-default\">Hodiny podpory<\/h2>\t\t\t\t<\/div>\n\t\t\t\t<div class=\"elementor-element elementor-element-e548dde elementor-widget elementor-widget-text-editor\" data-id=\"e548dde\" data-element_type=\"widget\" data-e-type=\"widget\" data-widget_type=\"text-editor.default\">\n\t\t\t\t\t\t\t\t\t<p class=\"translation-block\">Pond\u011bl\u00ed a\u017e p\u00e1tek: 9:00 \u2013 18:00 (GMT+5)<br>Zav\u0159eno o v\u00edkendech a st\u00e1tn\u00edch sv\u00e1tc\u00edch.<\/p>\t\t\t\t\t\t\t\t<\/div>\n\t\t\t\t<div class=\"elementor-element elementor-element-839d636 elementor-widget elementor-widget-heading\" data-id=\"839d636\" data-element_type=\"widget\" data-e-type=\"widget\" data-widget_type=\"heading.default\">\n\t\t\t\t\t<h2 class=\"elementor-heading-title elementor-size-default\">B\u011b\u017en\u00e9 ot\u00e1zky<\/h2>\t\t\t\t<\/div>\n\t\t\t\t<div class=\"elementor-element elementor-element-420afc8 elementor-widget elementor-widget-text-editor\" data-id=\"420afc8\" data-element_type=\"widget\" data-e-type=\"widget\" data-widget_type=\"text-editor.default\">\n\t\t\t\t\t\t\t\t\t<p class=\"translation-block\">Ne\u017e se na n\u00e1s obr\u00e1t\u00edte, m\u016f\u017eete naj\u00edt odpov\u011bdi na \u010dasto kladen\u00e9 ot\u00e1zky v na\u0161\u00ed <strong><a href=\"https:\/\/purepointprofit.net\/cs\/#faqs\" target=\"_self\">sekci \u010casto kladen\u00e9 ot\u00e1zky.<\/a><\/strong><\/p>\t\t\t\t\t\t\t\t<\/div>\n\t\t\t\t<div class=\"elementor-element elementor-element-c08c470 elementor-widget elementor-widget-heading\" data-id=\"c08c470\" data-element_type=\"widget\" data-e-type=\"widget\" data-widget_type=\"heading.default\">\n\t\t\t\t\t<h2 class=\"elementor-heading-title elementor-size-default\">Ochrana dat<\/h2>\t\t\t\t<\/div>\n\t\t\t\t<div class=\"elementor-element elementor-element-d148d28 elementor-widget elementor-widget-text-editor\" data-id=\"d148d28\" data-element_type=\"widget\" data-e-type=\"widget\" data-widget_type=\"text-editor.default\">\n\t\t\t\t\t\t\t\t\t<p class=\"translation-block\">Va\u0161e soukrom\u00ed je pro n\u00e1s d\u016fle\u017eit\u00e9. Ve\u0161ker\u00e9 informace, kter\u00e9 sd\u00edl\u00edte, jsou chr\u00e1n\u011bny na\u0161imi <strong><a href=\"https:\/\/purepointprofit.net\/cs\/zasady-ochrany-osobnich-udaju\/\" target=\"_self\">Z\u00e1sadami ochrany osobn\u00edch \u00fadaj\u016f<\/a>.<\/strong><\/p>\t\t\t\t\t\t\t\t<\/div>\n\t\t\t\t<div class=\"elementor-element elementor-element-eb01905 elementor-align-left elementor-mobile-align-center elementor-widget elementor-widget-button\" data-id=\"eb01905\" data-element_type=\"widget\" data-e-type=\"widget\" data-widget_type=\"button.default\">\n\t\t\t\t\t\t\t\t\t\t<a class=\"elementor-button elementor-button-link elementor-size-sm elementor-animation-shrink\" href=\"#replain-link\">\n\t\t\t\t\t\t<span class=\"elementor-button-content-wrapper\">\n\t\t\t\t\t\t\t\t\t<span class=\"elementor-button-text\">Klikn\u011bte zde pro \u017eivou podporu<\/span>\n\t\t\t\t\t<\/span>\n\t\t\t\t\t<\/a>\n\t\t\t\t\t\t\t\t<\/div>\n\t\t\t\t<\/div>\n\t\t<div class=\"elementor-element elementor-element-dd3cfca e-con-full e-flex e-con e-child\" data-id=\"dd3cfca\" data-element_type=\"container\" data-e-type=\"container\">\n\t\t\t\t<div class=\"elementor-element elementor-element-a300946 elementor-widget elementor-widget-shortcode\" data-id=\"a300946\" data-element_type=\"widget\" data-e-type=\"widget\" data-widget_type=\"shortcode.default\">\n\t\t\t\t\t\t\t<div class=\"elementor-shortcode\"><style>\n\t.form-wrapper-trade .formheading {\n\t\tfont-size: 28px;\n\t\tfont-weight: 600;\n\t}\n\n\t@media screen and (max-width: 768px) {\n\t\t.form-wrapper-trade .formheading {\n\t\t\tfont-size: 22px;\n\t\t\tfont-weight: 600;\n\t\t}\n\t}\n\t.form-wrapper-trade,\n\t#customFormWidget {\n\t\tfont-family: 'Poppins', sans-serif;\n\t}\n\t.form-wrapper-trade {\n\t\twidth: 100%;\n\t\tmax-width: 100%; \n\t\tbackground: #056e8a;\n\t\tmargin: 0 auto;\n\t\tpadding: 25px 30px;\n\t\tborder-radius: 10px;\n\t\tbox-shadow: 0 5px 15px rgba(0,0,0,0.1);\n        \/* margin-bottom: 30px !important; *\/\n\t}\n\t@media screen and (max-width: 991px) {\n\t\t.form-wrapper-trade {\n\t\t\twidth: 100% !important;\n\t\t\tmax-width: 100%;\n\t\t}\n\t}\n\n\t.form-label {\n\t\tdisplay: block;\n\t\tmargin-bottom: 5px;\n\t\tfont-weight: 500;\n\t\tcolor: #ffffff !important;\n\t}\n\tbutton.form-control {\n\t\ttransition: all 0.3s ease;\n\t}\n<\/style>\n<div class=\"form-wrapper-trade\" style=\"max-width: 500px; margin: 0 auto;\">\n\t<div class=\"preloader\" id=\"preloader\"><div class=\"spinner\"><\/div><\/div>\n\n\t<p class=\"formheading form-label\"><b>EXPLORE TRADING OPPORTUNITIES TODAY<\/b><\/p>\n\n\t<form id=\"customFormWidget\" autocomplete=\"off\" action=\"\">\n\t\t<div class=\"form-group\">\n\t\t\t<label for=\"firstName\" class=\"form-label\">First Name<\/label>\n\t\t\t<input id=\"firstName\" name=\"firstName\" type=\"text\" class=\"form-control\" required \/>\n\t\t<\/div>\n\n\t\t<div class=\"form-group\">\n\t\t\t<label for=\"lastName\" class=\"form-label\">Last Name<\/label>\n\t\t\t<input id=\"lastName\" name=\"lastName\" type=\"text\" class=\"form-control\" required \/>\n\t\t<\/div>\n\n\t\t<div class=\"form-group\">\n\t\t\t<label for=\"email\" class=\"form-label\">Email<\/label>\n\t\t\t<input id=\"email\" name=\"email\" type=\"email\" class=\"form-control\" required \/>\n\t\t<\/div>\n\n\t\t<div class=\"form-group\">\n\t\t\t<label for=\"phone\" class=\"form-label\">Phone Number<\/label>\n\t\t\t<input id=\"phone\" name=\"phone\" type=\"tel\" class=\"form-control\" style=\"width:100%\" required \/>\n\t\t<\/div>\n\n\t\t<div class=\"form-group\">\n\t\t\t<button \n\t\t\t\t\ttype=\"submit\" \n\t\t\t\t\tclass=\"form-control\"\n\t\t\t\t\tstyle=\"background-color: #93a52b; \t\t\t\t\t\t   color: #000000; \t\t\t\t\t\t   border-radius: 5px;\">\n\t\t\t\tREGISTER NOW\t\t\t<\/button>\n\t\t<\/div>\n\n\t\t<div id=\"formErrorMessage\" class=\"form-message\"><\/div>\n\n\t\t<div class=\"fortp\">\n\t\t\t<p style=\"font-size: 13px;color: white;font-family: Poppins;text-align: center\">\r\n  Odesl\u00e1n\u00edm potvrzujete, \u017ee jste si p\u0159e\u010detli a souhlas\u00edte s\r\n  <a href=\"https:\/\/purepointprofit.net\/cs\/zasady-ochrany-osobnich-udaju\/\" style=\"color: #fff;font-weight: bold;font-size: 14px\">Z\u00e1sady ochrany osobn\u00edch \u00fadaj\u016f<\/a>\r\n  a\r\n  <a href=\"https:\/\/purepointprofit.net\/cs\/smluvni-podminky\/\" style=\"color: #fff;font-weight: bold;font-size: 14px\">Obchodn\u00ed podm\u00ednky<\/a>.\r\n<\/p>\r\n\t\t<\/div>\n\t<input type=\"hidden\" name=\"trp-form-language\" value=\"cs\"\/><\/form>\n<\/div>\n<\/div>\n\t\t\t\t\t\t<\/div>\n\t\t\t\t<\/div>\n\t\t\t\t\t<\/div>\n\t\t\t\t<\/div>\n\t\t\t\t<\/div>","protected":false},"excerpt":{"rendered":"<p>We\u2019re here to help you on your trading journey. Whether you have questions about our services, need technical assistance, or want to share feedback \u2014 we\u2019d love to hear from you. Email Support For all inquiries, please reach out to us at:support@purepointprofit.netWe aim to respond within 24\u201348 business hours. Support Hours Monday to Friday: 9:00 [&hellip;]<\/p>\n","protected":false},"author":1,"featured_media":0,"parent":0,"menu_order":0,"comment_status":"closed","ping_status":"closed","template":"elementor_header_footer","meta":{"footnotes":""},"class_list":["post-25","page","type-page","status-publish","hentry"],"_links":{"self":[{"href":"https:\/\/purepointprofit.net\/cs\/wp-json\/wp\/v2\/pages\/25","targetHints":{"allow":["GET"]}}],"collection":[{"href":"https:\/\/purepointprofit.net\/cs\/wp-json\/wp\/v2\/pages"}],"about":[{"href":"https:\/\/purepointprofit.net\/cs\/wp-json\/wp\/v2\/types\/page"}],"author":[{"embeddable":true,"href":"https:\/\/purepointprofit.net\/cs\/wp-json\/wp\/v2\/users\/1"}],"replies":[{"embeddable":true,"href":"https:\/\/purepointprofit.net\/cs\/wp-json\/wp\/v2\/comments?post=25"}],"version-history":[{"count":0,"href":"https:\/\/purepointprofit.net\/cs\/wp-json\/wp\/v2\/pages\/25\/revisions"}],"wp:attachment":[{"href":"https:\/\/purepointprofit.net\/cs\/wp-json\/wp\/v2\/media?parent=25"}],"curies":[{"name":"wp","href":"https:\/\/api.w.org\/{rel}","templated":true}]}}