{"id":27,"date":"2025-07-03T06:22:16","date_gmt":"2025-07-03T06:22:16","guid":{"rendered":"https:\/\/purepointprofit.net\/?page_id=27"},"modified":"2025-07-10T12:13:04","modified_gmt":"2025-07-10T12:13:04","slug":"zasady-ochrany-osobnich-udaju","status":"publish","type":"page","link":"https:\/\/purepointprofit.net\/cs\/privacy-policy\/","title":{"rendered":"Z\u00e1sady ochrany osobn\u00edch \u00fadaj\u016f"},"content":{"rendered":"<div data-elementor-type=\"wp-page\" data-elementor-id=\"27\" class=\"elementor elementor-27\" data-elementor-post-type=\"page\">\n\t\t\t\t<div class=\"elementor-element elementor-element-e70e311 e-flex e-con-boxed e-con e-parent\" data-id=\"e70e311\" data-element_type=\"container\" data-e-type=\"container\" data-settings=\"{&quot;background_background&quot;:&quot;gradient&quot;}\">\n\t\t\t\t\t<div class=\"e-con-inner\">\n\t\t\t\t\t<\/div>\n\t\t\t\t<\/div>\n\t\t<div class=\"elementor-element elementor-element-c4fa48d e-flex e-con-boxed e-con e-parent\" data-id=\"c4fa48d\" data-element_type=\"container\" data-e-type=\"container\">\n\t\t\t\t\t<div class=\"e-con-inner\">\n\t\t\t\t<div class=\"elementor-element elementor-element-9182aee elementor-drop-cap-yes elementor-drop-cap-view-default elementor-widget elementor-widget-text-editor\" data-id=\"9182aee\" data-element_type=\"widget\" data-e-type=\"widget\" data-settings=\"{&quot;drop_cap&quot;:&quot;yes&quot;}\" data-widget_type=\"text-editor.default\">\n\t\t\t\t\t\t\t\t\t<p>Na <strong>Pure Point Profit<\/strong>, va\u0161e soukrom\u00ed je na\u0161\u00ed prioritou. Osobn\u00ed \u00fadaje uchov\u00e1v\u00e1me pouze po nezbytn\u011b dlouhou dobu a u\u017eivatel\u00e9 s aktivn\u00edmi \u00fa\u010dty jsou zodpov\u011bdn\u00ed za spr\u00e1vu sv\u00fdch informac\u00ed. Po ukon\u010den\u00ed \u00fa\u010dtu budou souvisej\u00edc\u00ed \u00fadaje smaz\u00e1ny v souladu s platn\u00fdmi z\u00e1kony a z\u00e1sadami.<\/p>\t\t\t\t\t\t\t\t<\/div>\n\t\t\t\t<div class=\"elementor-element elementor-element-944fad1 elementor-widget elementor-widget-heading\" data-id=\"944fad1\" data-element_type=\"widget\" data-e-type=\"widget\" data-widget_type=\"heading.default\">\n\t\t\t\t\t<h2 class=\"elementor-heading-title elementor-size-default\">Zaveden\u00ed\n<\/h2>\t\t\t\t<\/div>\n\t\t\t\t<div class=\"elementor-element elementor-element-7a0850f elementor-widget elementor-widget-text-editor\" data-id=\"7a0850f\" data-element_type=\"widget\" data-e-type=\"widget\" data-widget_type=\"text-editor.default\">\n\t\t\t\t\t\t\t\t\t<p>Tyto Z\u00e1sady ochrany osobn\u00edch \u00fadaj\u016f popisuj\u00ed, jak <strong>Pure Point Profit<\/strong> (\u201emy\u201c, \u201en\u00e1s\u201c nebo \u201ena\u0161e\u201c) shroma\u017e\u010fuje, pou\u017e\u00edv\u00e1 a chr\u00e1n\u00ed informace shrom\u00e1\u017ed\u011bn\u00e9 prost\u0159ednictv\u00edm na\u0161ich webov\u00fdch str\u00e1nek (\u201ewebov\u00e9 str\u00e1nky\u201c) a slu\u017eeb (\u201eslu\u017eby\u201c). Ochrana va\u0161ich osobn\u00edch \u00fadaj\u016f je pro n\u00e1s nanejv\u00fd\u0161 d\u016fle\u017eit\u00e1.<\/p><p>P\u0159esto\u017ee na\u0161e webov\u00e9 str\u00e1nky mohou obsahovat odkazy na str\u00e1nky t\u0159et\u00edch stran, neneseme odpov\u011bdnost za jejich postupy ochrany osobn\u00edch \u00fadaj\u016f. P\u0159ed poskytnut\u00edm jak\u00fdchkoli \u00fadaj\u016f si pros\u00edm prostudujte jejich z\u00e1sady. Zav\u00e1d\u00edme p\u0159\u00edsn\u00e1 bezpe\u010dnostn\u00ed a organiza\u010dn\u00ed opat\u0159en\u00ed k ochran\u011b osobn\u00edch \u00fadaj\u016f poskytovan\u00fdch u\u017eivateli.<\/p><p>Abyste mohli pou\u017e\u00edvat na\u0161e webov\u00e9 str\u00e1nky, m\u016f\u017eete b\u00fdt po\u017e\u00e1d\u00e1ni o poskytnut\u00ed informac\u00ed, jako je va\u0161e jm\u00e9no, e-mail, telefonn\u00ed \u010d\u00edslo a dal\u0161\u00ed \u00fadaje. Tyto \u00fadaje n\u00e1m pom\u00e1haj\u00ed ov\u011b\u0159it va\u0161i toto\u017enost, poskytovat podporu a plnit z\u00e1konn\u00e9 povinnosti. Sv\u00e9 preference m\u016f\u017eete kdykoli spravovat nebo se odhl\u00e1sit z odb\u011bru komunikace.<\/p>\t\t\t\t\t\t\t\t<\/div>\n\t\t\t\t<div class=\"elementor-element elementor-element-7dfe7f6 elementor-widget elementor-widget-heading\" data-id=\"7dfe7f6\" data-element_type=\"widget\" data-e-type=\"widget\" data-widget_type=\"heading.default\">\n\t\t\t\t\t<h2 class=\"elementor-heading-title elementor-size-default\">Informace, kter\u00e9 shroma\u017e\u010fujeme\n<\/h2>\t\t\t\t<\/div>\n\t\t\t\t<div class=\"elementor-element elementor-element-2688fb6 elementor-widget elementor-widget-text-editor\" data-id=\"2688fb6\" data-element_type=\"widget\" data-e-type=\"widget\" data-widget_type=\"text-editor.default\">\n\t\t\t\t\t\t\t\t\t<p>Shroma\u017e\u010fujeme osobn\u00ed \u00fadaje, kter\u00e9 poskytnete, v\u010detn\u011b va\u0161eho jm\u00e9na, e-mailov\u00e9 adresy, telefonn\u00edho \u010d\u00edsla a ve\u0161ker\u00fdch dal\u0161\u00edch \u00fadaj\u016f sd\u00edlen\u00fdch prost\u0159ednictv\u00edm formul\u00e1\u0159\u016f nebo p\u0159\u00edm\u00e9 komunikace. P\u0159i registraci \u00fa\u010dtu si m\u016f\u017eeme tak\u00e9 vy\u017e\u00e1dat n\u00e1zev spole\u010dnosti, adresu a dal\u0161\u00ed kontaktn\u00ed \u00fadaje.<\/p>\t\t\t\t\t\t\t\t<\/div>\n\t\t\t\t<div class=\"elementor-element elementor-element-2d3faf5 elementor-widget elementor-widget-heading\" data-id=\"2d3faf5\" data-element_type=\"widget\" data-e-type=\"widget\" data-widget_type=\"heading.default\">\n\t\t\t\t\t<h2 class=\"elementor-heading-title elementor-size-default\">Shroma\u017e\u010fov\u00e1n\u00ed a pou\u017e\u00edv\u00e1n\u00ed dat<\/h2>\t\t\t\t<\/div>\n\t\t\t\t<div class=\"elementor-element elementor-element-878c6ce elementor-widget elementor-widget-text-editor\" data-id=\"878c6ce\" data-element_type=\"widget\" data-e-type=\"widget\" data-widget_type=\"text-editor.default\">\n\t\t\t\t\t\t\t\t\t<p class=\"translation-block\">Pou\u017e\u00edv\u00e1n\u00edm slu\u017eby <strong>Pure Point Profit<\/strong> souhlas\u00edte se shroma\u017e\u010fov\u00e1n\u00edm a zpracov\u00e1n\u00edm osobn\u00edch \u00fadaj\u016f, v\u010detn\u011b soubor\u016f cookie a odeslan\u00fdch formul\u00e1\u0159\u016f. Tato data se pou\u017e\u00edvaj\u00ed ke zlep\u0161en\u00ed na\u0161ich webov\u00fdch str\u00e1nek, p\u0159izp\u016fsoben\u00ed na\u0161ich slu\u017eeb a pln\u011bn\u00ed smluvn\u00edch nebo z\u00e1konn\u00fdch z\u00e1vazk\u016f.<\/p><ul><li><p class=\"translation-block\"><strong>Registrace \u00fa\u010dtu<\/strong>: Na z\u00e1klad\u011b va\u0161eho souhlasu nebo smluvn\u00ed pot\u0159eby.<\/p><\/li><li><p class=\"translation-block\"><strong>Poskytov\u00e1n\u00ed slu\u017eeb<\/strong>: Pln\u011bn\u00ed smluv a poskytov\u00e1n\u00ed slu\u017eeb.<\/p><\/li><li><p class=\"translation-block\"><strong>Podpora a komunikace<\/strong>: Pro opr\u00e1vn\u011bn\u00e9 z\u00e1jmy nebo dodr\u017eov\u00e1n\u00ed pr\u00e1vn\u00edch p\u0159edpis\u016f.<\/p><\/li><li><p class=\"translation-block\"><strong>Marketing<\/strong>: S va\u0161\u00edm v\u00fdslovn\u00fdm souhlasem.<\/p><\/li><li><p class=\"translation-block\"><strong>Vylep\u0161en\u00ed a anal\u00fdzy<\/strong>: Pro opr\u00e1vn\u011bn\u00e9 z\u00e1jmy nebo na z\u00e1klad\u011b va\u0161eho souhlasu.<\/p><\/li><\/ul>\t\t\t\t\t\t\t\t<\/div>\n\t\t\t\t<div class=\"elementor-element elementor-element-39cd0d7 elementor-widget elementor-widget-heading\" data-id=\"39cd0d7\" data-element_type=\"widget\" data-e-type=\"widget\" data-widget_type=\"heading.default\">\n\t\t\t\t\t<h2 class=\"elementor-heading-title elementor-size-default\">Sd\u00edlen\u00ed dat<\/h2>\t\t\t\t<\/div>\n\t\t\t\t<div class=\"elementor-element elementor-element-9459cfc elementor-widget elementor-widget-text-editor\" data-id=\"9459cfc\" data-element_type=\"widget\" data-e-type=\"widget\" data-widget_type=\"text-editor.default\">\n\t\t\t\t\t\t\t\t\t<p>Va\u0161e \u00fadaje m\u016f\u017eeme sd\u00edlet s d\u016fv\u011bryhodn\u00fdmi partnery a dodavateli za \u00fa\u010delem vylep\u0161en\u00ed na\u0161ich webov\u00fdch str\u00e1nek a slu\u017eeb. Pro u\u017eivatele v EU je zpracov\u00e1n\u00ed \u00fadaj\u016f v souladu s GDPR a dal\u0161\u00edmi platn\u00fdmi p\u0159edpisy.<\/p>\t\t\t\t\t\t\t\t<\/div>\n\t\t\t\t<div class=\"elementor-element elementor-element-ad309d5 elementor-widget elementor-widget-heading\" data-id=\"ad309d5\" data-element_type=\"widget\" data-e-type=\"widget\" data-widget_type=\"heading.default\">\n\t\t\t\t\t<h2 class=\"elementor-heading-title elementor-size-default\">Zabezpe\u010den\u00ed<\/h2>\t\t\t\t<\/div>\n\t\t\t\t<div class=\"elementor-element elementor-element-3dec5d9 elementor-widget elementor-widget-text-editor\" data-id=\"3dec5d9\" data-element_type=\"widget\" data-e-type=\"widget\" data-widget_type=\"text-editor.default\">\n\t\t\t\t\t\t\t\t\t<p>Pou\u017e\u00edv\u00e1me robustn\u00ed opat\u0159en\u00ed k ochran\u011b va\u0161ich osobn\u00edch \u00fadaj\u016f p\u0159ed neopr\u00e1vn\u011bn\u00fdm p\u0159\u00edstupem nebo zneu\u017eit\u00edm. \u017d\u00e1dn\u00fd syst\u00e9m v\u0161ak nen\u00ed zcela imunn\u00ed v\u016f\u010di naru\u0161en\u00ed bezpe\u010dnosti. Pokud m\u00e1te podez\u0159en\u00ed na jak\u00e9koli ohro\u017een\u00ed dat, okam\u017eit\u011b n\u00e1s informujte.<\/p>\t\t\t\t\t\t\t\t<\/div>\n\t\t\t\t<div class=\"elementor-element elementor-element-a8a2cdb elementor-widget elementor-widget-heading\" data-id=\"a8a2cdb\" data-element_type=\"widget\" data-e-type=\"widget\" data-widget_type=\"heading.default\">\n\t\t\t\t\t<h2 class=\"elementor-heading-title elementor-size-default\">Soubory cookie<\/h2>\t\t\t\t<\/div>\n\t\t\t\t<div class=\"elementor-element elementor-element-b3fd492 elementor-widget elementor-widget-text-editor\" data-id=\"b3fd492\" data-element_type=\"widget\" data-e-type=\"widget\" data-widget_type=\"text-editor.default\">\n\t\t\t\t\t\t\t\t\t<p>Na\u0161e webov\u00e9 str\u00e1nky pou\u017e\u00edvaj\u00ed soubory cookie ke zlep\u0161en\u00ed va\u0161eho z\u00e1\u017eitku. Podrobnosti o pou\u017e\u00edv\u00e1n\u00ed soubor\u016f cookie a spr\u00e1v\u011b va\u0161ich preferenc\u00ed naleznete v na\u0161ich Z\u00e1sad\u00e1ch pou\u017e\u00edv\u00e1n\u00ed soubor\u016f cookie.<\/p>\t\t\t\t\t\t\t\t<\/div>\n\t\t\t\t<div class=\"elementor-element elementor-element-4d86da4 elementor-widget elementor-widget-heading\" data-id=\"4d86da4\" data-element_type=\"widget\" data-e-type=\"widget\" data-widget_type=\"heading.default\">\n\t\t\t\t\t<h2 class=\"elementor-heading-title elementor-size-default\">Extern\u00ed odkazy<\/h2>\t\t\t\t<\/div>\n\t\t\t\t<div class=\"elementor-element elementor-element-c5dad94 elementor-widget elementor-widget-text-editor\" data-id=\"c5dad94\" data-element_type=\"widget\" data-e-type=\"widget\" data-widget_type=\"text-editor.default\">\n\t\t\t\t\t\t\t\t\t<p class=\"translation-block\"><strong>Pure Point Profit<\/strong> nenese odpov\u011bdnost za postupy ochrany osobn\u00edch \u00fadaj\u016f webov\u00fdch str\u00e1nek t\u0159et\u00edch stran, na kter\u00e9 odkazujeme na na\u0161ich webov\u00fdch str\u00e1nk\u00e1ch. P\u0159ed sd\u00edlen\u00edm jak\u00fdchkoli \u00fadaj\u016f si p\u0159e\u010dt\u011bte jejich z\u00e1sady ochrany osobn\u00edch \u00fadaj\u016f.<\/p>\t\t\t\t\t\t\t\t<\/div>\n\t\t\t\t<div class=\"elementor-element elementor-element-d8f9bd3 elementor-widget elementor-widget-heading\" data-id=\"d8f9bd3\" data-element_type=\"widget\" data-e-type=\"widget\" data-widget_type=\"heading.default\">\n\t\t\t\t\t<h2 class=\"elementor-heading-title elementor-size-default\">Uchov\u00e1v\u00e1n\u00ed a maz\u00e1n\u00ed dat<\/h2>\t\t\t\t<\/div>\n\t\t\t\t<div class=\"elementor-element elementor-element-7b015ef elementor-widget elementor-widget-text-editor\" data-id=\"7b015ef\" data-element_type=\"widget\" data-e-type=\"widget\" data-widget_type=\"text-editor.default\">\n\t\t\t\t\t\t\t\t\t<p>Osobn\u00ed \u00fadaje jsou uchov\u00e1v\u00e1ny pouze po nezbytn\u011b nutnou dobu. Aktivn\u00ed u\u017eivatel\u00e9 \u00fa\u010dt\u016f spravuj\u00ed sv\u00e1 data a u ukon\u010den\u00fdch \u00fa\u010dt\u016f budou data smaz\u00e1na v souladu s p\u0159\u00edslu\u0161n\u00fdmi z\u00e1kony.<\/p>\t\t\t\t\t\t\t\t<\/div>\n\t\t\t\t<div class=\"elementor-element elementor-element-f3a2708 elementor-widget elementor-widget-heading\" data-id=\"f3a2708\" data-element_type=\"widget\" data-e-type=\"widget\" data-widget_type=\"heading.default\">\n\t\t\t\t\t<h2 class=\"elementor-heading-title elementor-size-default\">U\u017eivatelsk\u00e1 pr\u00e1va<\/h2>\t\t\t\t<\/div>\n\t\t\t\t<div class=\"elementor-element elementor-element-f9db3be elementor-widget elementor-widget-text-editor\" data-id=\"f9db3be\" data-element_type=\"widget\" data-e-type=\"widget\" data-widget_type=\"text-editor.default\">\n\t\t\t\t\t\t\t\t\t<p>M\u00e1te pr\u00e1vo:<\/p><ul><li><p>P\u0159\u00edstup k va\u0161im osobn\u00edm \u00fadaj\u016fm.<\/p><\/li><li><p>Opravte jak\u00e9koli nep\u0159esnosti.<\/p><\/li><li><p>Po\u017e\u00e1dat o vymaz\u00e1n\u00ed \u00fadaj\u016f za ur\u010dit\u00fdch okolnost\u00ed.<\/p><\/li><li><p>Omezit zpracov\u00e1n\u00ed \u00fadaj\u016f nebo vzn\u00e9st n\u00e1mitku proti n\u011bmu.<\/p><\/li><li><p>Souhlas kdykoli odvolat.<\/p><\/li><li><p>Po\u017e\u00e1dejte o p\u0159enositelnost dat ve strukturovan\u00e9m form\u00e1tu.<\/p><\/li><\/ul>\t\t\t\t\t\t\t\t<\/div>\n\t\t\t\t<div class=\"elementor-element elementor-element-d800b9e elementor-widget elementor-widget-heading\" data-id=\"d800b9e\" data-element_type=\"widget\" data-e-type=\"widget\" data-widget_type=\"heading.default\">\n\t\t\t\t\t<h2 class=\"elementor-heading-title elementor-size-default\">Marketingov\u00e9 materi\u00e1ly<\/h2>\t\t\t\t<\/div>\n\t\t\t\t<div class=\"elementor-element elementor-element-82a0b9e elementor-widget elementor-widget-text-editor\" data-id=\"82a0b9e\" data-element_type=\"widget\" data-e-type=\"widget\" data-widget_type=\"text-editor.default\">\n\t\t\t\t\t\t\t\t\t<p>S va\u0161\u00edm souhlasem pou\u017e\u00edv\u00e1me osobn\u00ed \u00fadaje k zas\u00edl\u00e1n\u00ed marketingov\u00fdch materi\u00e1l\u016f. Tento souhlas m\u016f\u017eete kdykoli odvolat tak, \u017ee n\u00e1s kontaktujete.<\/p>\t\t\t\t\t\t\t\t<\/div>\n\t\t\t\t<div class=\"elementor-element elementor-element-748b6ef elementor-widget elementor-widget-heading\" data-id=\"748b6ef\" data-element_type=\"widget\" data-e-type=\"widget\" data-widget_type=\"heading.default\">\n\t\t\t\t\t<h2 class=\"elementor-heading-title elementor-size-default\">Souhlas s t\u011bmito Z\u00e1sadami<\/h2>\t\t\t\t<\/div>\n\t\t\t\t<div class=\"elementor-element elementor-element-3b1bc8c elementor-widget elementor-widget-text-editor\" data-id=\"3b1bc8c\" data-element_type=\"widget\" data-e-type=\"widget\" data-widget_type=\"text-editor.default\">\n\t\t\t\t\t\t\t\t\t<p class=\"translation-block\">Pou\u017e\u00edv\u00e1n\u00edm webov\u00fdch str\u00e1nek nebo slu\u017eeb <strong>Pure Point Profit<\/strong> souhlas\u00edte s t\u011bmito Z\u00e1sadami ochrany osobn\u00edch \u00fadaj\u016f. Pokra\u010dov\u00e1n\u00ed v pou\u017e\u00edv\u00e1n\u00ed po aktualizac\u00edch znamen\u00e1 v\u00e1\u0161 souhlas s ve\u0161ker\u00fdmi zm\u011bnami.<\/p>\t\t\t\t\t\t\t\t<\/div>\n\t\t\t\t<div class=\"elementor-element elementor-element-12630a0 elementor-widget elementor-widget-heading\" data-id=\"12630a0\" data-element_type=\"widget\" data-e-type=\"widget\" data-widget_type=\"heading.default\">\n\t\t\t\t\t<h2 class=\"elementor-heading-title elementor-size-default\">Kontaktujte n\u00e1s<\/h2>\t\t\t\t<\/div>\n\t\t\t\t<div class=\"elementor-element elementor-element-c6663d4 elementor-widget elementor-widget-text-editor\" data-id=\"c6663d4\" data-element_type=\"widget\" data-e-type=\"widget\" data-widget_type=\"text-editor.default\">\n\t\t\t\t\t\t\t\t\t<p>Pokud m\u00e1te jak\u00e9koli dotazy, obavy nebo dotazy t\u00fdkaj\u00edc\u00ed se t\u011bchto Z\u00e1sad ochrany osobn\u00edch \u00fadaj\u016f nebo zp\u016fsobu, jak\u00fdm jsou va\u0161e \u00fadaje nakl\u00e1d\u00e1ny, nev\u00e1hejte se na n\u00e1s obr\u00e1tit.<\/p><p>\ud83d\udce7 E-mail: <strong><a href=\"mailto:support@purepointprofit.net\">support@purepointprofit.net<\/a><\/strong><\/p>\t\t\t\t\t\t\t\t<\/div>\n\t\t\t\t\t<\/div>\n\t\t\t\t<\/div>\n\t\t\t\t<\/div>","protected":false},"excerpt":{"rendered":"<p>At Pure Point Profit, your privacy is our priority. Personal data is retained only as long as necessary, and users with active accounts are responsible for managing their information. Upon account termination, related data will be deleted in accordance with applicable laws and policies. Introduction This Privacy Policy outlines how Pure Point Profit (\u201cwe,\u201d \u201cus,\u201d [&hellip;]<\/p>\n","protected":false},"author":1,"featured_media":0,"parent":0,"menu_order":0,"comment_status":"closed","ping_status":"closed","template":"elementor_header_footer","meta":{"footnotes":""},"class_list":["post-27","page","type-page","status-publish","hentry"],"_links":{"self":[{"href":"https:\/\/purepointprofit.net\/cs\/wp-json\/wp\/v2\/pages\/27","targetHints":{"allow":["GET"]}}],"collection":[{"href":"https:\/\/purepointprofit.net\/cs\/wp-json\/wp\/v2\/pages"}],"about":[{"href":"https:\/\/purepointprofit.net\/cs\/wp-json\/wp\/v2\/types\/page"}],"author":[{"embeddable":true,"href":"https:\/\/purepointprofit.net\/cs\/wp-json\/wp\/v2\/users\/1"}],"replies":[{"embeddable":true,"href":"https:\/\/purepointprofit.net\/cs\/wp-json\/wp\/v2\/comments?post=27"}],"version-history":[{"count":0,"href":"https:\/\/purepointprofit.net\/cs\/wp-json\/wp\/v2\/pages\/27\/revisions"}],"wp:attachment":[{"href":"https:\/\/purepointprofit.net\/cs\/wp-json\/wp\/v2\/media?parent=27"}],"curies":[{"name":"wp","href":"https:\/\/api.w.org\/{rel}","templated":true}]}}