{"id":26,"date":"2025-07-03T06:22:01","date_gmt":"2025-07-03T06:22:01","guid":{"rendered":"https:\/\/purepointprofit.net\/?page_id=26"},"modified":"2025-07-10T12:09:34","modified_gmt":"2025-07-10T12:09:34","slug":"allgemeine-geschaftsbedingungen","status":"publish","type":"page","link":"https:\/\/purepointprofit.net\/de\/terms-conditions\/","title":{"rendered":"Allgemeine Gesch\u00e4ftsbedingungen"},"content":{"rendered":"<div data-elementor-type=\"wp-page\" data-elementor-id=\"26\" class=\"elementor elementor-26\" data-elementor-post-type=\"page\">\n\t\t\t\t<div class=\"elementor-element elementor-element-d4c102d e-flex e-con-boxed e-con e-parent\" data-id=\"d4c102d\" data-element_type=\"container\" data-e-type=\"container\" data-settings=\"{&quot;background_background&quot;:&quot;gradient&quot;}\">\n\t\t\t\t\t<div class=\"e-con-inner\">\n\t\t\t\t\t<\/div>\n\t\t\t\t<\/div>\n\t\t<div class=\"elementor-element elementor-element-a215829 e-flex e-con-boxed e-con e-parent\" data-id=\"a215829\" data-element_type=\"container\" data-e-type=\"container\">\n\t\t\t\t\t<div class=\"e-con-inner\">\n\t\t\t\t<div class=\"elementor-element elementor-element-78cc938 elementor-drop-cap-yes elementor-drop-cap-view-default elementor-widget elementor-widget-text-editor\" data-id=\"78cc938\" data-element_type=\"widget\" data-e-type=\"widget\" data-settings=\"{&quot;drop_cap&quot;:&quot;yes&quot;}\" data-widget_type=\"text-editor.default\">\n\t\t\t\t\t\t\t\t\t<p>Willkommen bei <strong>Pure Point Profit<\/strong>, Ihre erste Adresse f\u00fcr automatisierte Handelssignale. Mit der Nutzung unserer Dienste erkl\u00e4ren Sie sich mit den folgenden Allgemeinen Gesch\u00e4ftsbedingungen einverstanden. Bitte lesen Sie diese sorgf\u00e4ltig durch, bevor Sie Transaktionen oder Abonnements abschlie\u00dfen.<\/p>\t\t\t\t\t\t\t\t<\/div>\n\t\t\t\t<div class=\"elementor-element elementor-element-ffd0964 elementor-widget elementor-widget-heading\" data-id=\"ffd0964\" data-element_type=\"widget\" data-e-type=\"widget\" data-widget_type=\"heading.default\">\n\t\t\t\t\t<h2 class=\"elementor-heading-title elementor-size-default\">1. Annahme der Bedingungen\n<\/h2>\t\t\t\t<\/div>\n\t\t\t\t<div class=\"elementor-element elementor-element-dde2b4b elementor-widget elementor-widget-text-editor\" data-id=\"dde2b4b\" data-element_type=\"widget\" data-e-type=\"widget\" data-widget_type=\"text-editor.default\">\n\t\t\t\t\t\t\t\t\t<p>Durch den Zugriff oder die Nutzung <strong>Pure Point Profit<\/strong>Mit der Nutzung dieser Website best\u00e4tigen Sie, dass Sie diese Allgemeinen Gesch\u00e4ftsbedingungen gelesen und verstanden haben und ihnen zustimmen. Sollten Sie mit diesen Bedingungen nicht einverstanden sein, d\u00fcrfen Sie unsere Dienste nicht nutzen.<\/p>\t\t\t\t\t\t\t\t<\/div>\n\t\t\t\t<div class=\"elementor-element elementor-element-c689c9c elementor-widget elementor-widget-heading\" data-id=\"c689c9c\" data-element_type=\"widget\" data-e-type=\"widget\" data-widget_type=\"heading.default\">\n\t\t\t\t\t<h2 class=\"elementor-heading-title elementor-size-default\">2. Angebotene Leistungen\n<\/h2>\t\t\t\t<\/div>\n\t\t\t\t<div class=\"elementor-element elementor-element-81b6ff3 elementor-widget elementor-widget-text-editor\" data-id=\"81b6ff3\" data-element_type=\"widget\" data-e-type=\"widget\" data-widget_type=\"text-editor.default\">\n\t\t\t\t\t\t\t\t\t<p><strong>Pure Point Profit<\/strong> bietet Online-Handelsroboter f\u00fcr verschiedene Finanzm\u00e4rkte an. Unsere propriet\u00e4ren Algorithmen generieren Handelssignale basierend auf Marktanalysen. Die Wertentwicklung in der Vergangenheit ist jedoch keine Garantie f\u00fcr zuk\u00fcnftige Ergebnisse, und der Handel birgt inh\u00e4rente Risiken.<\/p>\t\t\t\t\t\t\t\t<\/div>\n\t\t\t\t<div class=\"elementor-element elementor-element-9a662fb elementor-widget elementor-widget-heading\" data-id=\"9a662fb\" data-element_type=\"widget\" data-e-type=\"widget\" data-widget_type=\"heading.default\">\n\t\t\t\t\t<h2 class=\"elementor-heading-title elementor-size-default\">3. Teilnahmeberechtigung\n<\/h2>\t\t\t\t<\/div>\n\t\t\t\t<div class=\"elementor-element elementor-element-e515bdf elementor-widget elementor-widget-text-editor\" data-id=\"e515bdf\" data-element_type=\"widget\" data-e-type=\"widget\" data-widget_type=\"text-editor.default\">\n\t\t\t\t\t\t\t\t\tSie m\u00fcssen mindestens 18 Jahre alt und gesch\u00e4ftsf\u00e4hig sein. Mit dem Zugriff auf unsere Plattform best\u00e4tigen Sie, dass Sie diese Voraussetzungen erf\u00fcllen und sich verpflichten, alle geltenden Gesetze und Vorschriften Ihrer Gerichtsbarkeit einzuhalten.\n\n\t\t\t\t\t\t\t\t<\/div>\n\t\t\t\t<div class=\"elementor-element elementor-element-94ef31d elementor-widget elementor-widget-heading\" data-id=\"94ef31d\" data-element_type=\"widget\" data-e-type=\"widget\" data-widget_type=\"heading.default\">\n\t\t\t\t\t<h2 class=\"elementor-heading-title elementor-size-default\">4. Abonnements und Zahlungen\n<\/h2>\t\t\t\t<\/div>\n\t\t\t\t<div class=\"elementor-element elementor-element-19dad2d elementor-widget elementor-widget-text-editor\" data-id=\"19dad2d\" data-element_type=\"widget\" data-e-type=\"widget\" data-widget_type=\"text-editor.default\">\n\t\t\t\t\t\t\t\t\t<p>So greifen Sie auf unsere Handelssignale und Dienste zu:<\/p><ul><li>M\u00f6glicherweise m\u00fcssen Sie einen Serviceplan abonnieren.<\/li><li>Die Abonnementgeb\u00fchren werden auf unserer Website deutlich angezeigt.<\/li><li>Zahlungen sind nicht erstattungsf\u00e4hig und Sie sind f\u00fcr alle damit verbundenen Steuern oder Transaktionsgeb\u00fchren verantwortlich.<\/li><\/ul>\t\t\t\t\t\t\t\t<\/div>\n\t\t\t\t<div class=\"elementor-element elementor-element-0f6ea30 elementor-widget elementor-widget-heading\" data-id=\"0f6ea30\" data-element_type=\"widget\" data-e-type=\"widget\" data-widget_type=\"heading.default\">\n\t\t\t\t\t<h2 class=\"elementor-heading-title elementor-size-default\">5. Risikoanerkennung\n<\/h2>\t\t\t\t<\/div>\n\t\t\t\t<div class=\"elementor-element elementor-element-9c8e6d1 elementor-widget elementor-widget-text-editor\" data-id=\"9c8e6d1\" data-element_type=\"widget\" data-e-type=\"widget\" data-widget_type=\"text-editor.default\">\n\t\t\t\t\t\t\t\t\t<p>Der Handel birgt finanzielle Risiken. Unser Handelsroboter ist bestrebt, genaue Informationen zu liefern:<\/p><ul><li>Es werden keine Gewinne garantiert.<\/li><li>Sie sind allein f\u00fcr Ihre Handelsentscheidungen und die daraus resultierenden finanziellen Folgen verantwortlich.<\/li><li><strong>Pure Point Profit<\/strong>, seine verbundenen Unternehmen und Mitarbeiter haften nicht f\u00fcr entstandene Verluste.<\/li><\/ul>\t\t\t\t\t\t\t\t<\/div>\n\t\t\t\t<div class=\"elementor-element elementor-element-d63a6a8 elementor-widget elementor-widget-heading\" data-id=\"d63a6a8\" data-element_type=\"widget\" data-e-type=\"widget\" data-widget_type=\"heading.default\">\n\t\t\t\t\t<h2 class=\"elementor-heading-title elementor-size-default\">6. Nutzungsbeschr\u00e4nkungen\n<\/h2>\t\t\t\t<\/div>\n\t\t\t\t<div class=\"elementor-element elementor-element-fb5b696 elementor-widget elementor-widget-text-editor\" data-id=\"fb5b696\" data-element_type=\"widget\" data-e-type=\"widget\" data-widget_type=\"text-editor.default\">\n\t\t\t\t\t\t\t\t\t<p>Die Signale und Werkzeuge von <strong>Pure Point Profit<\/strong> sind nur f\u00fcr den pers\u00f6nlichen Gebrauch bestimmt. Sie d\u00fcrfen Inhalte ohne vorherige schriftliche Zustimmung nicht weitergeben, weiterverkaufen oder kommerziell nutzen.<\/p>\t\t\t\t\t\t\t\t<\/div>\n\t\t\t\t<div class=\"elementor-element elementor-element-a168471 elementor-widget elementor-widget-heading\" data-id=\"a168471\" data-element_type=\"widget\" data-e-type=\"widget\" data-widget_type=\"heading.default\">\n\t\t\t\t\t<h2 class=\"elementor-heading-title elementor-size-default\">7. Nutzerverhalten\n<\/h2>\t\t\t\t<\/div>\n\t\t\t\t<div class=\"elementor-element elementor-element-3a9b80c elementor-widget elementor-widget-text-editor\" data-id=\"3a9b80c\" data-element_type=\"widget\" data-e-type=\"widget\" data-widget_type=\"text-editor.default\">\n\t\t\t\t\t\t\t\t\t<p>Sie stimmen zu:<\/p><ul><li>Nutzen Sie unsere Dienste rechtm\u00e4\u00dfig und verantwortungsbewusst.<\/li><li>Unterlassen Sie alle Aktivit\u00e4ten, die die Funktionalit\u00e4t besch\u00e4digen, st\u00f6ren oder beeintr\u00e4chtigen k\u00f6nnten <strong>Pure Point Profit<\/strong> oder seine Systeme.<\/li><\/ul>\t\t\t\t\t\t\t\t<\/div>\n\t\t\t\t<div class=\"elementor-element elementor-element-be4da04 elementor-widget elementor-widget-heading\" data-id=\"be4da04\" data-element_type=\"widget\" data-e-type=\"widget\" data-widget_type=\"heading.default\">\n\t\t\t\t\t<h2 class=\"elementor-heading-title elementor-size-default\">8. Geistiges Eigentum\n<\/h2>\t\t\t\t<\/div>\n\t\t\t\t<div class=\"elementor-element elementor-element-c1c0cc8 elementor-widget elementor-widget-text-editor\" data-id=\"c1c0cc8\" data-element_type=\"widget\" data-e-type=\"widget\" data-widget_type=\"text-editor.default\">\n\t\t\t\t\t\t\t\t\t<p>Alle Inhalte auf<strong>ure Point Profit<\/strong> \u2014 einschlie\u00dflich Logos, Marken, Text, Bilder und Software \u2014 ist durch Gesetze zum Schutz geistigen Eigentums gesch\u00fctzt und bleibt das ausschlie\u00dfliche Eigentum von <strong>Pure Point Profit<\/strong> oder seinen Lizenzgebern. Die unbefugte Verwendung ist strengstens untersagt.<\/p>\t\t\t\t\t\t\t\t<\/div>\n\t\t\t\t<div class=\"elementor-element elementor-element-cd00c36 elementor-widget elementor-widget-heading\" data-id=\"cd00c36\" data-element_type=\"widget\" data-e-type=\"widget\" data-widget_type=\"heading.default\">\n\t\t\t\t\t<h2 class=\"elementor-heading-title elementor-size-default\">9. Sperrung oder K\u00fcndigung des Kontos\n<\/h2>\t\t\t\t<\/div>\n\t\t\t\t<div class=\"elementor-element elementor-element-61e240d elementor-widget elementor-widget-text-editor\" data-id=\"61e240d\" data-element_type=\"widget\" data-e-type=\"widget\" data-widget_type=\"text-editor.default\">\n\t\t\t\t\t\t\t\t\t<p>Wir behalten uns das Recht vor, Ihr Konto und Ihren Zugriff auf die Dienste jederzeit aus folgenden Gr\u00fcnden auszusetzen oder zu k\u00fcndigen, unter anderem:<\/p><ul><li>Versto\u00df gegen diese Allgemeinen Gesch\u00e4ftsbedingungen.<\/li><li>Verdacht auf betr\u00fcgerisches oder missbr\u00e4uchliches Verhalten.<\/li><\/ul>\t\t\t\t\t\t\t\t<\/div>\n\t\t\t\t<div class=\"elementor-element elementor-element-198bb16 elementor-widget elementor-widget-heading\" data-id=\"198bb16\" data-element_type=\"widget\" data-e-type=\"widget\" data-widget_type=\"heading.default\">\n\t\t\t\t\t<h2 class=\"elementor-heading-title elementor-size-default\">10. \u00c4nderungen der Bedingungen\n<\/h2>\t\t\t\t<\/div>\n\t\t\t\t<div class=\"elementor-element elementor-element-00d7b6f elementor-widget elementor-widget-text-editor\" data-id=\"00d7b6f\" data-element_type=\"widget\" data-e-type=\"widget\" data-widget_type=\"text-editor.default\">\n\t\t\t\t\t\t\t\t\t<p><strong>Pure Point Profit<\/strong> kann diese Allgemeinen Gesch\u00e4ftsbedingungen jederzeit und ohne vorherige Ank\u00fcndigung \u00e4ndern. Die fortgesetzte Nutzung unserer Dienste nach \u00c4nderungen gilt als Zustimmung zu den aktualisierten Bedingungen.<\/p>\t\t\t\t\t\t\t\t<\/div>\n\t\t\t\t<div class=\"elementor-element elementor-element-b8b52f4 elementor-widget elementor-widget-heading\" data-id=\"b8b52f4\" data-element_type=\"widget\" data-e-type=\"widget\" data-widget_type=\"heading.default\">\n\t\t\t\t\t<h2 class=\"elementor-heading-title elementor-size-default\">11. Datenschutz\n<\/h2>\t\t\t\t<\/div>\n\t\t\t\t<div class=\"elementor-element elementor-element-a41a543 elementor-widget elementor-widget-text-editor\" data-id=\"a41a543\" data-element_type=\"widget\" data-e-type=\"widget\" data-widget_type=\"text-editor.default\">\n\t\t\t\t\t\t\t\t\t<p>Ihre Privatsph\u00e4re ist uns wichtig. Bitte beachten Sie unsere <a href=\"https:\/\/purepointprofit.net\/de\/datenschutzrichtlinie\/\">Datenschutzrichtlinie<\/a>\u00a0um zu verstehen, wie wir Ihre personenbezogenen Daten erfassen, verwenden und sch\u00fctzen.<\/p>\t\t\t\t\t\t\t\t<\/div>\n\t\t\t\t<div class=\"elementor-element elementor-element-9fae4b0 elementor-widget elementor-widget-heading\" data-id=\"9fae4b0\" data-element_type=\"widget\" data-e-type=\"widget\" data-widget_type=\"heading.default\">\n\t\t\t\t\t<h2 class=\"elementor-heading-title elementor-size-default\">12. Kontakt<\/h2>\t\t\t\t<\/div>\n\t\t\t\t<div class=\"elementor-element elementor-element-422bd4f elementor-widget elementor-widget-text-editor\" data-id=\"422bd4f\" data-element_type=\"widget\" data-e-type=\"widget\" data-widget_type=\"text-editor.default\">\n\t\t\t\t\t\t\t\t\t<p>Wenn Sie Fragen, Bedenken oder Anfragen zu dieser Datenschutzrichtlinie oder zum Umgang mit Ihren Daten haben, k\u00f6nnen Sie sich gerne an uns wenden.<\/p><p>\ud83d\udce7 E-Mail: <strong><a href=\"mailto:support@purepointprofit.net\">support@purepointprofit.net<\/a><\/strong><\/p>\t\t\t\t\t\t\t\t<\/div>\n\t\t\t\t\t<\/div>\n\t\t\t\t<\/div>\n\t\t\t\t<\/div>","protected":false},"excerpt":{"rendered":"<p>Welcome to Pure Point Profit, your premier destination for automated robot trading signals. By using our services, you agree to be bound by the following Terms and Conditions. Please read them carefully before proceeding with any transactions or subscriptions. 1. Acceptance of Terms By accessing or using Pure Point Profit, you acknowledge that you have [&hellip;]<\/p>\n","protected":false},"author":1,"featured_media":0,"parent":0,"menu_order":0,"comment_status":"closed","ping_status":"closed","template":"elementor_header_footer","meta":{"footnotes":""},"class_list":["post-26","page","type-page","status-publish","hentry"],"_links":{"self":[{"href":"https:\/\/purepointprofit.net\/de\/wp-json\/wp\/v2\/pages\/26","targetHints":{"allow":["GET"]}}],"collection":[{"href":"https:\/\/purepointprofit.net\/de\/wp-json\/wp\/v2\/pages"}],"about":[{"href":"https:\/\/purepointprofit.net\/de\/wp-json\/wp\/v2\/types\/page"}],"author":[{"embeddable":true,"href":"https:\/\/purepointprofit.net\/de\/wp-json\/wp\/v2\/users\/1"}],"replies":[{"embeddable":true,"href":"https:\/\/purepointprofit.net\/de\/wp-json\/wp\/v2\/comments?post=26"}],"version-history":[{"count":0,"href":"https:\/\/purepointprofit.net\/de\/wp-json\/wp\/v2\/pages\/26\/revisions"}],"wp:attachment":[{"href":"https:\/\/purepointprofit.net\/de\/wp-json\/wp\/v2\/media?parent=26"}],"curies":[{"name":"wp","href":"https:\/\/api.w.org\/{rel}","templated":true}]}}